{"id":2561,"date":"2017-08-06T03:19:16","date_gmt":"2017-08-06T03:19:16","guid":{"rendered":"http:\/\/gather.cththemes.org\/?post_type=product&#038;p=2561"},"modified":"2021-09-13T15:43:59","modified_gmt":"2021-09-13T15:43:59","slug":"kategori-2","status":"publish","type":"product","link":"https:\/\/zirve2020.dijitaltopuklar.com\/index.php\/product\/kategori-2\/","title":{"rendered":"Dijital Topuklar 2020 kay\u0131tlar\u0131"},"content":{"rendered":"<p>Bu bilet ile 1 Kas\u0131m 2020&#8217;de online olarak ger\u00e7ekle\u015fen #dijitaltopuklar2020&#8217;nin t\u00fcm kay\u0131tlar\u0131n\u0131 panel panel ve istedi\u011finiz zaman ve s\u0131kl\u0131kta izleme hakk\u0131na sahip olacaks\u0131n\u0131z.<\/p>\n<p>Bilet sat\u0131\u015flar\u0131n\u0131n %10&#8217;u Kad\u0131n Cinayetlerini Durduraca\u011f\u0131z Platformu ve AL\u0130KEV&#8217;e aktar\u0131lacakt\u0131r.<\/p>\n","protected":false},"excerpt":{"rendered":"<p>Bu bilet ile 1 Kas\u0131m 2020&#8217;de online olarak ger\u00e7ekle\u015fen #dijitaltopuklar2020&#8217;nin t\u00fcm kay\u0131tlar\u0131n\u0131 panel panel ve istedi\u011finiz zaman ve s\u0131kl\u0131kta izleme hakk\u0131na sahip olacaks\u0131n\u0131z.<\/p>\n<p>Bilet sat\u0131\u015flar\u0131n\u0131n %10&#8217;u Kad\u0131n Cinayetlerini Durduraca\u011f\u0131z Platformu ve AL\u0130KEV&#8217;e aktar\u0131lacakt\u0131r.<\/p>\n","protected":false},"featured_media":4087,"comment_status":"open","ping_status":"closed","template":"","meta":[],"product_cat":[47],"product_tag":[],"_links":{"self":[{"href":"https:\/\/zirve2020.dijitaltopuklar.com\/index.php\/wp-json\/wp\/v2\/product\/2561"}],"collection":[{"href":"https:\/\/zirve2020.dijitaltopuklar.com\/index.php\/wp-json\/wp\/v2\/product"}],"about":[{"href":"https:\/\/zirve2020.dijitaltopuklar.com\/index.php\/wp-json\/wp\/v2\/types\/product"}],"replies":[{"embeddable":true,"href":"https:\/\/zirve2020.dijitaltopuklar.com\/index.php\/wp-json\/wp\/v2\/comments?post=2561"}],"wp:featuredmedia":[{"embeddable":true,"href":"https:\/\/zirve2020.dijitaltopuklar.com\/index.php\/wp-json\/wp\/v2\/media\/4087"}],"wp:attachment":[{"href":"https:\/\/zirve2020.dijitaltopuklar.com\/index.php\/wp-json\/wp\/v2\/media?parent=2561"}],"wp:term":[{"taxonomy":"product_cat","embeddable":true,"href":"https:\/\/zirve2020.dijitaltopuklar.com\/index.php\/wp-json\/wp\/v2\/product_cat?post=2561"},{"taxonomy":"product_tag","embeddable":true,"href":"https:\/\/zirve2020.dijitaltopuklar.com\/index.php\/wp-json\/wp\/v2\/product_tag?post=2561"}],"curies":[{"name":"wp","href":"https:\/\/api.w.org\/{rel}","templated":true}]}}