{"id":2558,"date":"2017-08-06T03:15:22","date_gmt":"2017-08-06T03:15:22","guid":{"rendered":"http:\/\/gather.cththemes.org\/cart\/"},"modified":"2020-10-02T21:50:58","modified_gmt":"2020-10-02T21:50:58","slug":"cart","status":"publish","type":"page","link":"https:\/\/zirve2020.dijitaltopuklar.com\/index.php\/cart\/","title":{"rendered":"Sepet"},"content":{"rendered":"<p>[vc_row][vc_column][vc_column_text]Bilet sat\u0131\u015flar\u0131n\u0131n %10&#8217;u AL\u0130KEV ve Kad\u0131n Cinayetlerini Durduraca\u011f\u0131z platformuna aktar\u0131lacakt\u0131r.[\/vc_column_text][\/vc_column][\/vc_row]<\/p>\n","protected":false},"excerpt":{"rendered":"<p>[vc_row][vc_column][vc_column_text]Bilet sat\u0131\u015flar\u0131n\u0131n %10&#8217;u AL\u0130KEV ve Kad\u0131n Cinayetlerini Durduraca\u011f\u0131z platformuna aktar\u0131lacakt\u0131r.[\/vc_column_text][\/vc_column][\/vc_row]<\/p>\n","protected":false},"author":1,"featured_media":0,"parent":0,"menu_order":0,"comment_status":"closed","ping_status":"closed","template":"page-fullcontent.php","meta":[],"_links":{"self":[{"href":"https:\/\/zirve2020.dijitaltopuklar.com\/index.php\/wp-json\/wp\/v2\/pages\/2558"}],"collection":[{"href":"https:\/\/zirve2020.dijitaltopuklar.com\/index.php\/wp-json\/wp\/v2\/pages"}],"about":[{"href":"https:\/\/zirve2020.dijitaltopuklar.com\/index.php\/wp-json\/wp\/v2\/types\/page"}],"author":[{"embeddable":true,"href":"https:\/\/zirve2020.dijitaltopuklar.com\/index.php\/wp-json\/wp\/v2\/users\/1"}],"replies":[{"embeddable":true,"href":"https:\/\/zirve2020.dijitaltopuklar.com\/index.php\/wp-json\/wp\/v2\/comments?post=2558"}],"version-history":[{"count":3,"href":"https:\/\/zirve2020.dijitaltopuklar.com\/index.php\/wp-json\/wp\/v2\/pages\/2558\/revisions"}],"predecessor-version":[{"id":3697,"href":"https:\/\/zirve2020.dijitaltopuklar.com\/index.php\/wp-json\/wp\/v2\/pages\/2558\/revisions\/3697"}],"wp:attachment":[{"href":"https:\/\/zirve2020.dijitaltopuklar.com\/index.php\/wp-json\/wp\/v2\/media?parent=2558"}],"curies":[{"name":"wp","href":"https:\/\/api.w.org\/{rel}","templated":true}]}}